{"id":395901,"date":"2025-10-09T10:56:12","date_gmt":"2025-10-09T08:56:12","guid":{"rendered":"https:\/\/ebre1938.com\/?page_id=395901"},"modified":"2026-01-29T13:27:34","modified_gmt":"2026-01-29T12:27:34","slug":"accessibilitat","status":"publish","type":"page","link":"https:\/\/ebre1938.com\/es\/accessibilitat\/","title":{"rendered":"Accesibilidad"},"content":{"rendered":"<p><strong>Obtener el consentimiento del usuario al solicitar datos personales<\/strong><\/p>\n\n\n\n<p>El consentimiento debe darse mediante una acci\u00f3n afirmativa clara que refleje una manifestaci\u00f3n de voluntad libre, espec\u00edfica, informada, e inequ\u00edvoca del interesado y debe otorgarse para todas las actividades de tratamiento realizadas. Cuando el tratamiento tenga varias finalidades, el consentimiento debe darse por cada una de ellas. Si debe darse a ra\u00edz de una solicitud por medios electr\u00f3nicos, esta debe ser clara, concisa y no perturbar innecesariamente el uso del servicio para el que se presta.<\/p>\n\n\n\n<p>Este consentimiento expreso puede trasladarse a un formulario web a trav\u00e9s de la implementaci\u00f3n de unas casillas de verificaci\u00f3n que est\u00e9n desmarcadas por defecto, esto es vital, para poder demostrar esta voluntad por parte de la persona para tratar sus datos personales.<\/p>\n\n\n\n<p>Las casillas de pre-marca, el silencio y la inacci\u00f3n del interesado no constituyen un tratamiento l\u00edcito de datos, por lo que estas f\u00f3rmulas no deben utilizarse.<\/p>\n\n\n\n<p>Hemos hablado en el apartado anterior de fines espec\u00edficos, es decir, cuando alguien proporciona sus datos es necesario detallar de forma clara, inequ\u00edvoca y transparente cu\u00e1les ser\u00e1n las condiciones de tratamiento de los datos.<\/p>\n\n\n\n<p>Al ser un consentimiento expl\u00edcito ligado a una finalidad espec\u00edfica es necesario demostrar que se ha recogido siguiendo estos preceptos y la carga probatoria recae sobre la organizaci\u00f3n que recibe y trata estos datos.<\/p>\n\n\n\n<p>Un ejemplo de c\u00f3mo poder demostrar que nos han autorizado es que cada alta genere un e-mail de respuesta autom\u00e1tica con los datos de la persona solicitada, su IP, acepto, fecha, hora exacta y navegador que utiliz\u00f3. Este e-mail debe guardarse como justificante en caso de conflicto con el usuario.<\/p>\n\n\n\n<p><strong>Primera capa de informaci\u00f3n b\u00e1sica<\/strong><\/p>\n\n\n\n<p>Con los requisitos y principios introducidos por el RGPD, respecto a la obligaci\u00f3n de informar, la simple remisi\u00f3n a la pol\u00edtica de privacidad desde los formularios web ya no es suficiente para cumplir con estas obligaciones.<\/p>\n\n\n\n<p>Las Autoridades de Protecci\u00f3n de Datos de la Uni\u00f3n Europea, recomiendan utilizar un modelo de informaci\u00f3n por capas, presentando una primera capa, con una informaci\u00f3n b\u00e1sica sobre protecci\u00f3n de datos y remitir desde esta, m\u00e1s sencilla e inmediata, a una segunda capa con la informaci\u00f3n restante.<\/p>\n\n\n\n<p>En la <a href=\"about:blank?trp-edit-translation=preview\">Gu\u00eda para el Cumplimiento del Deber de Informar<\/a>, de la AEPD establece que esta primera capa informativa debe reunir los siguientes requisitos:<\/p>\n\n\n\n<p>\u2013 La informaci\u00f3n debe ponerse a disposici\u00f3n de los interesados en el momento en que se soliciten los datos, previamente a la recogida o registro.<\/p>\n\n\n\n<p>\u2013 Esta obligaci\u00f3n debe cumplirse sin necesidad de requerimiento alguno, y el responsable deber\u00e1 poder acreditar con posterioridad que la obligaci\u00f3n de informar ha sido satisfecha.<\/p>\n\n\n\n<p>\u2013 Debe estar claramente identificada con un t\u00edtulo tal como \u201cInformaci\u00f3n b\u00e1sica sobre protecci\u00f3n de datos\u201d.<\/p>\n\n\n\n<p>\u2013 El responsable del tratamiento debe garantizar que esta informaci\u00f3n quede \u201cdentro del campo de visi\u00f3n\u201d del interesado.<\/p>\n\n\n\n<p>\u2013 Los interesados deben recibir una copia donde se incluya esta informaci\u00f3n b\u00e1sica.<\/p>\n\n\n\n<p>La LOPDGDD en su art\u00edculo 72 tipifica como INFRACCI\u00d3N MUY GRAVE la omisi\u00f3n del deber de informar al afectado sobre el tratamiento de sus datos personales conforme a lo dispuesto en los art\u00edculos 13 y 14 del Reglamento (UE) 2016\/ 679 (RGPD).<\/p>","protected":false},"excerpt":{"rendered":"<p>Obtenir el consentiment de l\u2019usuari en sol\u00b7licitar dades personals El consentiment ha de donar-se mitjan\u00e7ant una acci\u00f3 afirmativa clara que reflecteixi una manifestaci\u00f3 de voluntat lliure, espec\u00edfica, informada, i inequ\u00edvoca de l\u2019interessat i ha d\u2019atorgar-se per a totes les activitats de tractament realitzades. Quan el tractament tingui diverses finalitats, el consentiment ha de donar-se per [&hellip;]<\/p>\n","protected":false},"author":2,"featured_media":0,"parent":0,"menu_order":0,"comment_status":"closed","ping_status":"closed","template":"","meta":{"_et_pb_use_builder":"off","_et_pb_old_content":"<!-- wp:paragraph -->\n<p><strong>Obtenir el consentiment de l\u2019usuari en sol\u00b7licitar dades personals<\/strong><\/p>\n<!-- \/wp:paragraph -->\n\n<!-- wp:paragraph -->\n<p>El consentiment ha de donar-se mitjan\u00e7ant una acci\u00f3 afirmativa clara que reflecteixi una manifestaci\u00f3 de voluntat lliure, espec\u00edfica, informada, i inequ\u00edvoca de l\u2019interessat i ha d\u2019atorgar-se per a totes les activitats de tractament realitzades. Quan el tractament tingui diverses finalitats, el consentiment ha de donar-se per cada una d\u2019elles. Si s\u2019ha de donar arran d\u2019una sol\u00b7licitud per mitjans electr\u00f2nics, aquesta ha de ser clara, concisa i no pertorbar innecess\u00e0riament l\u2019\u00fas del servei per al qual es presta.<\/p>\n<!-- \/wp:paragraph -->\n\n<!-- wp:paragraph -->\n<p>Aquest consentiment expr\u00e9s pot traslladar-se a un formulari web a trav\u00e9s de la implementaci\u00f3 d\u2019unes caselles de verificaci\u00f3 que estiguin desmarcades per defecte, aix\u00f2 \u00e9s vital, per a poder demostrar aquesta voluntat per part de la persona per tractar les seves dades personals.<\/p>\n<!-- \/wp:paragraph -->\n\n<!-- wp:paragraph -->\n<p>Les caselles de pre-marca, el silenci i la inacci\u00f3 de l\u2019interessat no constitueixen un tractament l\u00edcit de dades, de manera que aquestes f\u00f3rmules no s\u2019han d\u2019utilitzar.<\/p>\n<!-- \/wp:paragraph -->\n\n<!-- wp:paragraph -->\n<p>Hem parlat en l\u2019apartat anterior de fins espec\u00edfics, \u00e9s a dir, quan alg\u00fa proporciona les seves dades cal de detallar de manera clara, inequ\u00edvoca i transparent quines seran les condicions de tractament de les dades.<\/p>\n<!-- \/wp:paragraph -->\n\n<!-- wp:paragraph -->\n<p>Al ser un consentiment expr\u00e9s lligat a una finalitat espec\u00edfica cal demostrar que s\u2019ha recollit seguint aquests preceptes i la c\u00e0rrega probat\u00f2ria recau sobre l\u2019organitzaci\u00f3 que rep i tracta aquestes dades.<\/p>\n<!-- \/wp:paragraph -->\n\n<!-- wp:paragraph -->\n<p>Un exemple de com poder demostrar que ens han autoritzat es que cada alta generi un e-mail de resposta autom\u00e0tica amb les dades de la persona sol\u00b7licitat, la seva IP, accepto, data, hora exacta i navegador que va utilitzar. Aquest e-mail s\u2019ha de guardar com a justificant en cas de conflicte amb l\u2019usuari.<\/p>\n<!-- \/wp:paragraph -->\n\n<!-- wp:paragraph -->\n<p><strong>Primera capa d\u2019informaci\u00f3 b\u00e0sica<\/strong><\/p>\n<!-- \/wp:paragraph -->\n\n<!-- wp:paragraph -->\n<p>Amb els requisits i principis introdu\u00efts pel&nbsp;RGPD&nbsp;respecte a l\u2019obligaci\u00f3 d\u2019informar, la simple remissi\u00f3 a la pol\u00edtica de privacitat des dels formularis web ja no \u00e9s suficient per a complir amb aquestes obligacions.<\/p>\n<!-- \/wp:paragraph -->\n\n<!-- wp:paragraph -->\n<p>Les Autoritats de Protecci\u00f3 de Dades de la Uni\u00f3 Europea, recomanen utilitzar un model d\u2019informaci\u00f3 per capes, presentant una primera capa, amb una informaci\u00f3 b\u00e0sica sobre protecci\u00f3 de dades i remetre des d\u2019aquesta, m\u00e9s senzilla i immediata, a una segona capa amb la informaci\u00f3 restant.<\/p>\n<!-- \/wp:paragraph -->\n\n<!-- wp:paragraph -->\n<p>En la <a href=\"about:blank?trp-edit-translation=preview\">Guia per al Compliment del Deure d\u2019Informar<\/a>, de l\u2019AEPD estableix que aquesta primera capa informativa ha de reunir els seg\u00fcents requisits:<\/p>\n<!-- \/wp:paragraph -->\n\n<!-- wp:paragraph -->\n<p>\u2013 La informaci\u00f3 s\u2019ha de posar a la disposici\u00f3 dels interessats en el moment en qu\u00e8 se sol\u00b7licitin les dades, pr\u00e8viament a la recollida o registre.<\/p>\n<!-- \/wp:paragraph -->\n\n<!-- wp:paragraph -->\n<p>\u2013 Aquesta obligaci\u00f3 s\u2019ha de complir sense necessitat de cap requeriment, i el responsable haur\u00e0 de poder acreditar amb posterioritat que l\u2019obligaci\u00f3 d\u2019informar ha estat satisfeta.<\/p>\n<!-- \/wp:paragraph -->\n\n<!-- wp:paragraph -->\n<p>\u2013 Ha d\u2019estar clarament identificada amb un t\u00edtol tal com \u201cInformaci\u00f3 b\u00e0sica sobre protecci\u00f3 de dades\u201d.<\/p>\n<!-- \/wp:paragraph -->\n\n<!-- wp:paragraph -->\n<p>\u2013 El responsable del tractament ha de garantir que aquesta informaci\u00f3 quedi \u201cdins del camp de visi\u00f3\u201d de l\u2019interessat.<\/p>\n<!-- \/wp:paragraph -->\n\n<!-- wp:paragraph -->\n<p>\u2013 Els interessats han de rebre una c\u00f2pia on s\u2019inclogui aquesta informaci\u00f3 b\u00e0sica.<\/p>\n<!-- \/wp:paragraph -->\n\n<!-- wp:paragraph -->\n<p>La&nbsp;LOPDGDD&nbsp;en el seu article 72 tipifica com a INFRACCI\u00d3 MOLT GREU l\u2019omissi\u00f3 del deure d\u2019informar l\u2019afectat sobre el tractament de les seves dades personals conforme al que es disposa en els articles 13 i 14 del Reglament (UE) 2016\/679 (RGPD).<\/p>\n<!-- \/wp:paragraph -->","_et_gb_content_width":"1080","footnotes":""},"class_list":["post-395901","page","type-page","status-publish","hentry"],"yoast_head":"<!-- This site is optimized with the Yoast SEO plugin v27.4 - https:\/\/yoast.com\/product\/yoast-seo-wordpress\/ -->\n<title>Accessibilitat - Ebre 1938 - Passeja per la Batalla de l&#039;Ebre<\/title>\n<meta name=\"description\" content=\"Accessibilitat: Obtenir el consentiment de l\u2019usuari en sol\u00b7licitar dades personals. El consentiment ha de donar-se mitjan\u00e7ant una acci\u00f3...\" \/>\n<meta name=\"robots\" content=\"index, follow, max-snippet:-1, max-image-preview:large, max-video-preview:-1\" \/>\n<link rel=\"canonical\" href=\"https:\/\/ebre1938.com\/es\/accessibilitat\/\" \/>\n<meta property=\"og:locale\" content=\"es_ES\" \/>\n<meta property=\"og:type\" content=\"article\" \/>\n<meta property=\"og:title\" content=\"Accessibilitat - Ebre 1938 - Passeja per la Batalla de l&#039;Ebre\" \/>\n<meta property=\"og:description\" content=\"Accessibilitat: Obtenir el consentiment de l\u2019usuari en sol\u00b7licitar dades personals. El consentiment ha de donar-se mitjan\u00e7ant una acci\u00f3...\" \/>\n<meta property=\"og:url\" content=\"https:\/\/ebre1938.com\/es\/accessibilitat\/\" \/>\n<meta property=\"og:site_name\" content=\"Ebre 1938 - Passeja per la Batalla de l&#039;Ebre\" \/>\n<meta property=\"article:modified_time\" content=\"2026-01-29T12:27:34+00:00\" \/>\n<meta name=\"twitter:card\" content=\"summary_large_image\" \/>\n<meta name=\"twitter:label1\" content=\"Tiempo de lectura\" \/>\n\t<meta name=\"twitter:data1\" content=\"3 minutos\" \/>\n<script type=\"application\/ld+json\" class=\"yoast-schema-graph\">{\"@context\":\"https:\\\/\\\/schema.org\",\"@graph\":[{\"@type\":\"WebPage\",\"@id\":\"https:\\\/\\\/ebre1938.com\\\/accessibilitat\\\/\",\"url\":\"https:\\\/\\\/ebre1938.com\\\/accessibilitat\\\/\",\"name\":\"Accessibilitat - Ebre 1938 - Passeja per la Batalla de l&#039;Ebre\",\"isPartOf\":{\"@id\":\"https:\\\/\\\/ebre1938.com\\\/#website\"},\"datePublished\":\"2025-10-09T08:56:12+00:00\",\"dateModified\":\"2026-01-29T12:27:34+00:00\",\"description\":\"Accessibilitat: Obtenir el consentiment de l\u2019usuari en sol\u00b7licitar dades personals. El consentiment ha de donar-se mitjan\u00e7ant una acci\u00f3...\",\"breadcrumb\":{\"@id\":\"https:\\\/\\\/ebre1938.com\\\/accessibilitat\\\/#breadcrumb\"},\"inLanguage\":\"es\",\"potentialAction\":[{\"@type\":\"ReadAction\",\"target\":[\"https:\\\/\\\/ebre1938.com\\\/accessibilitat\\\/\"]}]},{\"@type\":\"BreadcrumbList\",\"@id\":\"https:\\\/\\\/ebre1938.com\\\/accessibilitat\\\/#breadcrumb\",\"itemListElement\":[{\"@type\":\"ListItem\",\"position\":1,\"name\":\"Inici\",\"item\":\"https:\\\/\\\/ebre1938.com\\\/\"},{\"@type\":\"ListItem\",\"position\":2,\"name\":\"Accessibilitat\"}]},{\"@type\":\"WebSite\",\"@id\":\"https:\\\/\\\/ebre1938.com\\\/#website\",\"url\":\"https:\\\/\\\/ebre1938.com\\\/\",\"name\":\"Ebre 1938 - Passeja per la Batalla de l&#039;Ebre\",\"description\":\"\",\"potentialAction\":[{\"@type\":\"SearchAction\",\"target\":{\"@type\":\"EntryPoint\",\"urlTemplate\":\"https:\\\/\\\/ebre1938.com\\\/?s={search_term_string}\"},\"query-input\":{\"@type\":\"PropertyValueSpecification\",\"valueRequired\":true,\"valueName\":\"search_term_string\"}}],\"inLanguage\":\"es\"}]}<\/script>\n<!-- \/ Yoast SEO plugin. -->","yoast_head_json":{"title":"Accessibilitat - Ebre 1938 - Passeja per la Batalla de l&#039;Ebre","description":"Accessibilitat: Obtenir el consentiment de l\u2019usuari en sol\u00b7licitar dades personals. El consentiment ha de donar-se mitjan\u00e7ant una acci\u00f3...","robots":{"index":"index","follow":"follow","max-snippet":"max-snippet:-1","max-image-preview":"max-image-preview:large","max-video-preview":"max-video-preview:-1"},"canonical":"https:\/\/ebre1938.com\/es\/accessibilitat\/","og_locale":"es_ES","og_type":"article","og_title":"Accessibilitat - Ebre 1938 - Passeja per la Batalla de l&#039;Ebre","og_description":"Accessibilitat: Obtenir el consentiment de l\u2019usuari en sol\u00b7licitar dades personals. El consentiment ha de donar-se mitjan\u00e7ant una acci\u00f3...","og_url":"https:\/\/ebre1938.com\/es\/accessibilitat\/","og_site_name":"Ebre 1938 - Passeja per la Batalla de l&#039;Ebre","article_modified_time":"2026-01-29T12:27:34+00:00","twitter_card":"summary_large_image","twitter_misc":{"Tiempo de lectura":"3 minutos"},"schema":{"@context":"https:\/\/schema.org","@graph":[{"@type":"WebPage","@id":"https:\/\/ebre1938.com\/accessibilitat\/","url":"https:\/\/ebre1938.com\/accessibilitat\/","name":"Accessibilitat - Ebre 1938 - Passeja per la Batalla de l&#039;Ebre","isPartOf":{"@id":"https:\/\/ebre1938.com\/#website"},"datePublished":"2025-10-09T08:56:12+00:00","dateModified":"2026-01-29T12:27:34+00:00","description":"Accessibilitat: Obtenir el consentiment de l\u2019usuari en sol\u00b7licitar dades personals. El consentiment ha de donar-se mitjan\u00e7ant una acci\u00f3...","breadcrumb":{"@id":"https:\/\/ebre1938.com\/accessibilitat\/#breadcrumb"},"inLanguage":"es","potentialAction":[{"@type":"ReadAction","target":["https:\/\/ebre1938.com\/accessibilitat\/"]}]},{"@type":"BreadcrumbList","@id":"https:\/\/ebre1938.com\/accessibilitat\/#breadcrumb","itemListElement":[{"@type":"ListItem","position":1,"name":"Inici","item":"https:\/\/ebre1938.com\/"},{"@type":"ListItem","position":2,"name":"Accessibilitat"}]},{"@type":"WebSite","@id":"https:\/\/ebre1938.com\/#website","url":"https:\/\/ebre1938.com\/","name":"\"Ebre 1938\" - Paseo por la Batalla del Ebro","description":"","potentialAction":[{"@type":"SearchAction","target":{"@type":"EntryPoint","urlTemplate":"https:\/\/ebre1938.com\/?s={search_term_string}"},"query-input":{"@type":"PropertyValueSpecification","valueRequired":true,"valueName":"search_term_string"}}],"inLanguage":"es"}]}},"_links":{"self":[{"href":"https:\/\/ebre1938.com\/es\/wp-json\/wp\/v2\/pages\/395901","targetHints":{"allow":["GET"]}}],"collection":[{"href":"https:\/\/ebre1938.com\/es\/wp-json\/wp\/v2\/pages"}],"about":[{"href":"https:\/\/ebre1938.com\/es\/wp-json\/wp\/v2\/types\/page"}],"author":[{"embeddable":true,"href":"https:\/\/ebre1938.com\/es\/wp-json\/wp\/v2\/users\/2"}],"replies":[{"embeddable":true,"href":"https:\/\/ebre1938.com\/es\/wp-json\/wp\/v2\/comments?post=395901"}],"version-history":[{"count":5,"href":"https:\/\/ebre1938.com\/es\/wp-json\/wp\/v2\/pages\/395901\/revisions"}],"predecessor-version":[{"id":396347,"href":"https:\/\/ebre1938.com\/es\/wp-json\/wp\/v2\/pages\/395901\/revisions\/396347"}],"wp:attachment":[{"href":"https:\/\/ebre1938.com\/es\/wp-json\/wp\/v2\/media?parent=395901"}],"curies":[{"name":"wp","href":"https:\/\/api.w.org\/{rel}","templated":true}]}}